{"id":41,"date":"2017-10-10T08:47:03","date_gmt":"2017-10-10T08:47:03","guid":{"rendered":"http:\/\/farm-agrico.ancorathemes.com\/?page_id=41"},"modified":"2020-01-29T14:55:18","modified_gmt":"2020-01-29T14:55:18","slug":"about-1","status":"publish","type":"page","link":"https:\/\/bioalleva.org\/?page_id=41","title":{"rendered":"Chi Siamo"},"content":{"rendered":"<p>[vc_row][vc_column][vc_empty_space alter_height=&#8221;huge&#8221; hide_on_desktop=&#8221;&#8221; hide_on_notebook=&#8221;&#8221; hide_on_tablet=&#8221;&#8221; hide_on_mobile=&#8221;&#8221; css=&#8221;.vc_custom_1516103733667{margin-bottom: 1.2rem !important;}&#8221;][\/vc_column][vc_column width=&#8221;1\/2&#8243; hide_bg_image_on_tablet=&#8221;&#8221; hide_bg_image_on_mobile=&#8221;&#8221; css=&#8221;.vc_custom_1516097456304{padding-right: 7rem !important;}&#8221;][vc_empty_space hide_on_desktop=&#8221;&#8221; hide_on_notebook=&#8221;&#8221; hide_on_tablet=&#8221;&#8221; hide_on_mobile=&#8221;&#8221; css=&#8221;.vc_custom_1516097365462{margin-bottom: -2.1rem !important;}&#8221;]<div id=\"sc_title_155746209\"\n\t\tclass=\"sc_title color_style_default sc_title_alter\"><h6 class=\"sc_item_subtitle sc_title_subtitle sc_align_center sc_item_title_style_alter\">Cooperativa<\/h6><h3 class=\"sc_item_title sc_title_title sc_align_center sc_item_title_style_alter sc_item_title_tag\">Cos'\u00e8 BioAlleva?<\/h3><\/div><!-- \/.sc_title -->[vc_empty_space alter_height=&#8221;small&#8221; hide_on_desktop=&#8221;&#8221; hide_on_notebook=&#8221;&#8221; hide_on_tablet=&#8221;&#8221; hide_on_mobile=&#8221;&#8221; css=&#8221;.vc_custom_1516097584109{margin-bottom: 1.7rem !important;}&#8221;][vc_column_text]<\/p>\n<p style=\"text-align: center;\">Il progetto BIOALLEVA prende spunto dalle analisi dei fabbisogni d\u2019innovazione effettuate durante gli eventi informativi svolti dal CIBI nel 2016. Durante questi incontri, il settore produttivo che ha manifestato i segnali di maggiore sofferenza sia economica che di innovazione tecnologica \u00e8 stato quello della zootecnia, che ha visto negli ultimi anni grosse perdite in Puglia, sia in termini economici che di consistenza del bestiame, attestandosi su circa 3.300 aziende specializzate. La relativa marginalit\u00e0 economica e produttiva di questo settore non pu\u00f2 far abbassare l&#8217;attenzione della Regione Puglia sul valore strategico che la zootecnia ha sotto l&#8217;aspetto ambientale (ripristino della sostanza organica dei suoli, controllo delle erbe e degli incendi, valorizzazione biomasse vegetali non edibili per l\u2019uomo) e sotto l&#8217;aspetto economico e alimentare, in quanto contribuisce a ridurre l&#8217;enorme &#8220;GAP&#8221; esistente oggi in Puglia tra consumi alimentari di carne, latte e derivati e produzioni zootecniche locali, con conseguente &#8220;importazione&#8221; di enormi quantit\u00e0 di prodotti zootecnici dall&#8217;estero.<\/p>\n<p style=\"text-align: center;\">E&#8217; opportuno pensare inoltre alla necessit\u00e0 di sostenere una industria alimentare locale di qualit\u00e0, considerando che il brand &#8220;Puglia&#8221; \u00e8 diventato famoso in tutto il mondo (basti pensare al fenomeno della burrata o del capocollo di Martina Franca).<\/p>\n<p>[\/vc_column_text][vc_empty_space alter_height=&#8221;small&#8221; hide_on_desktop=&#8221;&#8221; hide_on_notebook=&#8221;&#8221; hide_on_tablet=&#8221;&#8221; hide_on_mobile=&#8221;&#8221; css=&#8221;.vc_custom_1516097589668{margin-bottom: 1.5rem !important;}&#8221;][\/vc_column][vc_column width=&#8221;1\/2&#8243;][vc_empty_space height=&#8221;0&#8243; alter_height=&#8221;none&#8221; hide_on_desktop=&#8221;&#8221; hide_on_notebook=&#8221;&#8221; hide_on_tablet=&#8221;&#8221; hide_on_mobile=&#8221;&#8221; css=&#8221;.vc_custom_1516096877619{margin-bottom: 0rem !important;}&#8221;][vc_single_image image=&#8221;1122&#8243; img_size=&#8221;631&#215;558&#8243;][\/vc_column][vc_column][vc_empty_space alter_height=&#8221;large&#8221; hide_on_desktop=&#8221;&#8221; hide_on_notebook=&#8221;&#8221; hide_on_tablet=&#8221;&#8221; hide_on_mobile=&#8221;&#8221; css=&#8221;.vc_custom_1516101102249{margin-bottom: 1rem !important;}&#8221;][\/vc_column][\/vc_row][vc_row full_width=&#8221;stretch_row&#8221; hide_bg_image_on_tablet=&#8221;&#8221; hide_bg_image_on_mobile=&#8221;&#8221; css=&#8221;.vc_custom_1580309368789{background-image: url(https:\/\/bioalleva.org\/wp-content\/uploads\/2020\/01\/produzione-capocollo-martina-franca-raimondello-scaled.jpg?id=1143) !important;background-position: top left !important;background-repeat: no-repeat !important;background-size: cover !important;}&#8221;][vc_column width=&#8221;1\/2&#8243;][vc_empty_space alter_height=&#8221;huge&#8221; hide_on_desktop=&#8221;&#8221; hide_on_notebook=&#8221;&#8221; hide_on_tablet=&#8221;&#8221; hide_on_mobile=&#8221;&#8221; css=&#8221;.vc_custom_1516102198361{margin-bottom: 2rem !important;}&#8221;]<div  id=\"sc_action_838604719\" \n\tclass=\"sc_action color_style_link3 sc_action_default  vc_custom_1580309509690\"><h6 class=\"sc_item_subtitle sc_action_subtitle sc_align_left sc_item_title_style_default\">Qual'\u00e8 il segreto?<\/h6><h1 class=\"sc_item_title sc_action_title sc_align_left sc_item_title_style_default sc_item_title_tag\">Il capocollo di Martina Franca<\/h1><div class=\"sc_action_content sc_item_content\"><div class=\"sc_action_item sc_action_item_default sc_action_item_tl\">\n\t\t\t<a href=\"\/shop\/\" class=\"sc_action_item_link sc_button sc_button_size_small\">shop now<\/a><\/div><\/div><div class=\"sc_item_button sc_button_wrap sc_align_left\"><a href=\"https:\/\/bioalleva.org\/?page_id=47\" id=\"sc_button_1378097549\" class=\"sc_button color_style_link3 sc_button_default sc_item_button sc_item_button_default sc_action_button sc_button_size_normal sc_button_icon_left\"><span class=\"sc_button_text\"><span class=\"sc_button_title\">Leggi Altro<\/span><\/span><!-- \/.sc_button_text --><\/a><!-- \/.sc_button --><\/div><!-- \/.sc_item_button --><\/div><!-- \/.sc_action -->[vc_empty_space alter_height=&#8221;huge&#8221; hide_on_desktop=&#8221;&#8221; hide_on_notebook=&#8221;&#8221; hide_on_tablet=&#8221;&#8221; hide_on_mobile=&#8221;&#8221; css=&#8221;.vc_custom_1516102315801{margin-bottom: 3.5rem !important;}&#8221;][\/vc_column][vc_column width=&#8221;1\/2&#8243;][\/vc_column][\/vc_row][vc_row][vc_column width=&#8221;1\/2&#8243; offset=&#8221;vc_col-lg-offset-3 vc_col-md-offset-3 vc_col-sm-offset-3&#8243;][vc_empty_space alter_height=&#8221;large&#8221; hide_on_desktop=&#8221;&#8221; hide_on_notebook=&#8221;&#8221; hide_on_tablet=&#8221;&#8221; hide_on_mobile=&#8221;&#8221; css=&#8221;.vc_custom_1516102971371{margin-bottom: -0.4rem !important;}&#8221;]<div id=\"sc_title_1660615768\"\n\t\tclass=\"sc_title color_style_default sc_title_alter\"><h6 class=\"sc_item_subtitle sc_title_subtitle sc_align_center sc_item_title_style_alter\">Cosa pensano di BioAlleva<\/h6><h3 class=\"sc_item_title sc_title_title sc_align_center sc_item_title_style_alter sc_item_title_tag\">I pareri degli altri<\/h3><\/div><!-- \/.sc_title -->[\/vc_column][vc_column width=&#8221;2\/3&#8243; offset=&#8221;vc_col-lg-offset-2 vc_col-md-offset-2 vc_col-sm-offset-2&#8243;][vc_empty_space alter_height=&#8221;small&#8221; hide_on_desktop=&#8221;&#8221; hide_on_notebook=&#8221;&#8221; hide_on_tablet=&#8221;&#8221; hide_on_mobile=&#8221;&#8221; css=&#8221;.vc_custom_1516102995242{margin-bottom: 1rem !important;}&#8221;]<div class=\"sc_testimonials color_style_default sc_testimonials_default\"><div class=\"sc_testimonials_slider sc_item_slider slider_swiper_outer slider_outer slider_outer_nocontrols slider_outer_pagination slider_outer_pagination_bullets slider_outer_pagination_pos_bottom slider_outer_one\">\n\t<div class=\"slider_container swiper-slider-container slider_swiper slider_noresize slider_nocontrols slider_pagination slider_pagination_bullets slider_pagination_pos_bottom slider_one\" data-slides-min-width=\"290\" data-pagination=\"bullets\">\n\t\t<div class=\"slides slider-wrapper swiper-wrapper sc_item_columns_1\"><div class=\"slider-slide swiper-slide\"><div class=\"sc_testimonials_item\">\n\t<div class=\"sc_testimonials_item_content\"><p>\u201c The Agrico farmers are wonderful to deal with, and the produce is amazing. It&#8217;s nice to know you can get organic, non-GMO food locally. The selections each week are super fresh and delicious, I have had a wonderful experience! \u201d<\/p>\n<\/div>\n\t<div class=\"sc_testimonials_item_author\">\n\t\t\t\t\t<div class=\"sc_testimonials_item_author_avatar\"><img loading=\"lazy\" decoding=\"async\" width=\"180\" height=\"180\" src=\"https:\/\/bioalleva.org\/wp-content\/uploads\/2017\/10\/001-180x180.jpg\" class=\"attachment-farmagrico-thumb-tiny size-farmagrico-thumb-tiny wp-post-image\" alt=\"Samantha Greenwild,\" srcset=\"https:\/\/bioalleva.org\/wp-content\/uploads\/2017\/10\/001-180x180.jpg 180w, https:\/\/bioalleva.org\/wp-content\/uploads\/2017\/10\/001-300x300.jpg 300w, https:\/\/bioalleva.org\/wp-content\/uploads\/2017\/10\/001-150x150.jpg 150w, https:\/\/bioalleva.org\/wp-content\/uploads\/2017\/10\/001-370x370.jpg 370w, https:\/\/bioalleva.org\/wp-content\/uploads\/2017\/10\/001-360x360.jpg 360w, https:\/\/bioalleva.org\/wp-content\/uploads\/2017\/10\/001-100x100.jpg 100w, https:\/\/bioalleva.org\/wp-content\/uploads\/2017\/10\/001.jpg 500w\" sizes=\"(max-width: 180px) 100vw, 180px\" \/><\/div>\n\t\t\t\t<div class=\"sc_testimonials_item_author_data\">\n\t\t\t<h4 class=\"sc_testimonials_item_author_title\">Samantha Greenwild,<\/h4>\n\t\t\t<div class=\"sc_testimonials_item_author_subtitle\">NYC<\/div>\n\t\t<\/div>\n\t<\/div>\n<\/div>\n<\/div><div class=\"slider-slide swiper-slide\"><div class=\"sc_testimonials_item\">\n\t<div class=\"sc_testimonials_item_content\"><p>&#8220;This farm has exceeded my expectations with their attention to detail and the outstanding quality! Great selection of fruits, vegetables, and other organic products. Staff is super friendly and very attentive.&#8221;<\/p>\n<\/div>\n\t<div class=\"sc_testimonials_item_author\">\n\t\t\t\t\t<div class=\"sc_testimonials_item_author_avatar\"><img loading=\"lazy\" decoding=\"async\" width=\"180\" height=\"180\" src=\"https:\/\/bioalleva.org\/wp-content\/uploads\/2017\/10\/002-180x180.jpg\" class=\"attachment-farmagrico-thumb-tiny size-farmagrico-thumb-tiny wp-post-image\" alt=\"James North\" srcset=\"https:\/\/bioalleva.org\/wp-content\/uploads\/2017\/10\/002-180x180.jpg 180w, https:\/\/bioalleva.org\/wp-content\/uploads\/2017\/10\/002-300x300.jpg 300w, https:\/\/bioalleva.org\/wp-content\/uploads\/2017\/10\/002-150x150.jpg 150w, https:\/\/bioalleva.org\/wp-content\/uploads\/2017\/10\/002-370x370.jpg 370w, https:\/\/bioalleva.org\/wp-content\/uploads\/2017\/10\/002-360x360.jpg 360w, https:\/\/bioalleva.org\/wp-content\/uploads\/2017\/10\/002-100x100.jpg 100w, https:\/\/bioalleva.org\/wp-content\/uploads\/2017\/10\/002.jpg 500w\" sizes=\"(max-width: 180px) 100vw, 180px\" \/><\/div>\n\t\t\t\t<div class=\"sc_testimonials_item_author_data\">\n\t\t\t<h4 class=\"sc_testimonials_item_author_title\">James North<\/h4>\n\t\t\t<div class=\"sc_testimonials_item_author_subtitle\"><\/div>\n\t\t<\/div>\n\t<\/div>\n<\/div>\n<\/div><div class=\"slider-slide swiper-slide\"><div class=\"sc_testimonials_item\">\n\t<div class=\"sc_testimonials_item_content\"><p>&#8220;We&#8217;ve been Agrico Farm customers for a few years now! The veggies, fruit, cheese, bread, eggs, and mushrooms I receive each week through my farm are insanely delicious and very affordable. Keep doing what you\u2019re doing!&#8221;<\/p>\n<\/div>\n\t<div class=\"sc_testimonials_item_author\">\n\t\t\t\t\t<div class=\"sc_testimonials_item_author_avatar\"><img loading=\"lazy\" decoding=\"async\" width=\"180\" height=\"180\" src=\"https:\/\/bioalleva.org\/wp-content\/uploads\/2017\/10\/003-180x180.jpg\" class=\"attachment-farmagrico-thumb-tiny size-farmagrico-thumb-tiny wp-post-image\" alt=\"Leia Welsh\" srcset=\"https:\/\/bioalleva.org\/wp-content\/uploads\/2017\/10\/003-180x180.jpg 180w, https:\/\/bioalleva.org\/wp-content\/uploads\/2017\/10\/003-300x300.jpg 300w, https:\/\/bioalleva.org\/wp-content\/uploads\/2017\/10\/003-150x150.jpg 150w, https:\/\/bioalleva.org\/wp-content\/uploads\/2017\/10\/003-370x370.jpg 370w, https:\/\/bioalleva.org\/wp-content\/uploads\/2017\/10\/003-360x360.jpg 360w, https:\/\/bioalleva.org\/wp-content\/uploads\/2017\/10\/003-100x100.jpg 100w, https:\/\/bioalleva.org\/wp-content\/uploads\/2017\/10\/003.jpg 500w\" sizes=\"(max-width: 180px) 100vw, 180px\" \/><\/div>\n\t\t\t\t<div class=\"sc_testimonials_item_author_data\">\n\t\t\t<h4 class=\"sc_testimonials_item_author_title\">Leia Welsh<\/h4>\n\t\t\t<div class=\"sc_testimonials_item_author_subtitle\"><\/div>\n\t\t<\/div>\n\t<\/div>\n<\/div>\n<\/div><\/div><\/div><div class=\"slider_pagination_wrap swiper-pagination\"><\/div><\/div><\/div><!-- \/.sc_testimonials -->[vc_empty_space alter_height=&#8221;large&#8221; hide_on_desktop=&#8221;&#8221; hide_on_notebook=&#8221;&#8221; hide_on_tablet=&#8221;&#8221; hide_on_mobile=&#8221;&#8221; css=&#8221;.vc_custom_1516103037218{margin-bottom: 0.4rem !important;}&#8221;][\/vc_column][\/vc_row][vc_row full_width=&#8221;stretch_row&#8221; hide_bg_image_on_tablet=&#8221;&#8221; hide_bg_image_on_mobile=&#8221;&#8221; css=&#8221;.vc_custom_1516103097542{background-image: url(http:\/\/farm-agrico.ancorathemes.com\/wp-content\/uploads\/2018\/01\/biege-bg.png?id=561) !important;background-position: top left !important;background-repeat: no-repeat !important;background-size: cover !important;}&#8221;][vc_column][vc_empty_space alter_height=&#8221;large&#8221; hide_on_desktop=&#8221;&#8221; hide_on_notebook=&#8221;&#8221; hide_on_tablet=&#8221;&#8221; hide_on_mobile=&#8221;&#8221; css=&#8221;.vc_custom_1516103612803{margin-bottom: 2.1rem !important;}&#8221;][\/vc_column][vc_column][vc_empty_space alter_height=&#8221;large&#8221; hide_on_desktop=&#8221;&#8221; hide_on_notebook=&#8221;&#8221; hide_on_tablet=&#8221;&#8221; hide_on_mobile=&#8221;&#8221; css=&#8221;.vc_custom_1516103696890{margin-bottom: 0.7rem !important;}&#8221;][\/vc_column][\/vc_row]<\/p>\n","protected":false},"excerpt":{"rendered":"<p>[vc_row][vc_column][vc_empty_space alter_height=&#8221;huge&#8221; hide_on_desktop=&#8221;&#8221; hide_on_notebook=&#8221;&#8221; hide_on_tablet=&#8221;&#8221; hide_on_mobile=&#8221;&#8221; css=&#8221;.vc_custom_1516103733667{margin-bottom: 1.2rem !important;}&#8221;][\/vc_column][vc_column width=&#8221;1\/2&#8243; hide_bg_image_on_tablet=&#8221;&#8221; hide_bg_image_on_mobile=&#8221;&#8221; css=&#8221;.vc_custom_1516097456304{padding-right: 7rem !important;}&#8221;][vc_empty_space hide_on_desktop=&#8221;&#8221; hide_on_notebook=&#8221;&#8221; hide_on_tablet=&#8221;&#8221; hide_on_mobile=&#8221;&#8221; css=&#8221;.vc_custom_1516097365462{margin-bottom: -2.1rem !important;}&#8221;][vc_empty_space alter_height=&#8221;small&#8221; hide_on_desktop=&#8221;&#8221; hide_on_notebook=&#8221;&#8221; hide_on_tablet=&#8221;&#8221; hide_on_mobile=&#8221;&#8221; css=&#8221;.vc_custom_1516097584109{margin-bottom: 1.7rem !important;}&#8221;][vc_column_text]&hellip;<\/p>\n","protected":false},"author":4,"featured_media":0,"parent":0,"menu_order":0,"comment_status":"closed","ping_status":"closed","template":"","meta":{"footnotes":""},"class_list":["post-41","page","type-page","status-publish","hentry"],"_links":{"self":[{"href":"https:\/\/bioalleva.org\/index.php?rest_route=\/wp\/v2\/pages\/41"}],"collection":[{"href":"https:\/\/bioalleva.org\/index.php?rest_route=\/wp\/v2\/pages"}],"about":[{"href":"https:\/\/bioalleva.org\/index.php?rest_route=\/wp\/v2\/types\/page"}],"author":[{"embeddable":true,"href":"https:\/\/bioalleva.org\/index.php?rest_route=\/wp\/v2\/users\/4"}],"replies":[{"embeddable":true,"href":"https:\/\/bioalleva.org\/index.php?rest_route=%2Fwp%2Fv2%2Fcomments&post=41"}],"version-history":[{"count":11,"href":"https:\/\/bioalleva.org\/index.php?rest_route=\/wp\/v2\/pages\/41\/revisions"}],"predecessor-version":[{"id":1152,"href":"https:\/\/bioalleva.org\/index.php?rest_route=\/wp\/v2\/pages\/41\/revisions\/1152"}],"wp:attachment":[{"href":"https:\/\/bioalleva.org\/index.php?rest_route=%2Fwp%2Fv2%2Fmedia&parent=41"}],"curies":[{"name":"wp","href":"https:\/\/api.w.org\/{rel}","templated":true}]}}